{"id":261,"date":"2019-02-12T02:09:40","date_gmt":"2019-02-11T17:09:40","guid":{"rendered":"http:\/\/jsird.coflworks.com\/?post_type=product&#038;p=261"},"modified":"2019-02-12T02:11:28","modified_gmt":"2019-02-11T17:11:28","slug":"%ec%96%91%eb%b3%80%ea%b8%b0-%ed%9b%84%eb%a0%8c%ec%b9%98","status":"publish","type":"product","link":"http:\/\/didrain.com\/?product=%ec%96%91%eb%b3%80%ea%b8%b0-%ed%9b%84%eb%a0%8c%ec%b9%98","title":{"rendered":"\uc591\ubcc0\uae30 \ud6c4\ub80c\uce58"},"content":{"rendered":"<p>[et_pb_section bb_built=&#8221;1&#8243;][et_pb_row _builder_version=&#8221;3.19.13&#8243;][et_pb_column type=&#8221;4_4&#8243;][et_pb_image _builder_version=&#8221;3.19.13&#8243; src=&#8221;http:\/\/jsird.coflworks.com\/wp-content\/uploads\/2019\/02\/toiletbowl_sleeve_prod.png&#8221; show_in_lightbox=&#8221;on&#8221; \/][et_pb_text _builder_version=&#8221;3.19.13&#8243;]<\/p>\n<p><strong>SPECIFICATION<\/strong><\/p>\n<p>\uc591\ubcc0\uae30 \uc2a4\ub9ac\ube0c : \uc591\ubcc0\uae30\uc758 \uc131\ud615\uc2a4\ub9ac\ube0c\uc640 \uc591\ubcc0\uae30 \uc5f0\uacb0 \uace0\uc815 \uc5ed\ud560\uc744 \ud558\ub294 \uc815\uc2ec \ub610\ub294 \ud3b8\uc2ec\uc774\uaca9\uc774 \uc0dd\uacbc\uc744 \ub54c \uc870\uc815\ud574 \uc8fc\ub294 \uc7a5\uce58.<\/p>\n<p>\u25a0 \uaddc\uaca9 : <br \/>\uc815\uc2ec-100A <br \/>\ud3b8\uc2ec-100A\u00d735mm, 100A\u00d750mm 100A\u00d7100mm, 100A\u00d7150mm 100A\u00d7200mm<\/p>\n<p><span style=\"color: #ff6600;\">\u203bT-Bolt(Option)<\/span><\/p>\n<p>[\/et_pb_text][\/et_pb_column][\/et_pb_row][\/et_pb_section]<\/p>\n","protected":false},"excerpt":{"rendered":"<p>[et_pb_section bb_built=&#8221;1&#8243;][et_pb_row _builder_version=&#8221;3.19.13&#8243;][et_pb_column type=&#8221;4_4&#8243;][et_pb_image _builder_version=&#8221;3.19.13&#8243; src=&#8221;http:\/\/jsird.coflworks.com\/wp-content\/uploads\/2019\/02\/toiletbowl_sleeve_prod.png&#8221; show_in_lightbox=&#8221;on&#8221; \/][et_pb_text _builder_version=&#8221;3.19.13&#8243;] SPECIFICATION \uc591\ubcc0\uae30 \uc2a4\ub9ac\ube0c : \uc591\ubcc0\uae30\uc758 \uc131\ud615\uc2a4\ub9ac\ube0c\uc640 \uc591\ubcc0\uae30 \uc5f0\uacb0 \uace0\uc815 \uc5ed\ud560\uc744 \ud558\ub294 \uc815\uc2ec \ub610\ub294 \ud3b8\uc2ec\uc774\uaca9\uc774 \uc0dd\uacbc\uc744 \ub54c \uc870\uc815\ud574 \uc8fc\ub294 \uc7a5\uce58. \u25a0 \uaddc\uaca9 : \uc815\uc2ec-100A \ud3b8\uc2ec-100A\u00d735mm, 100A\u00d750mm 100A\u00d7100mm, 100A\u00d7150mm 100A\u00d7200mm \u203bT-Bolt(Option) [\/et_pb_text][\/et_pb_column][\/et_pb_row][\/et_pb_section]<\/p>\n","protected":false},"featured_media":263,"template":"","meta":{"_et_pb_use_builder":"on","_et_pb_old_content":""},"product_cat":[34],"product_tag":[],"_links":{"self":[{"href":"http:\/\/didrain.com\/index.php?rest_route=\/wp\/v2\/product\/261"}],"collection":[{"href":"http:\/\/didrain.com\/index.php?rest_route=\/wp\/v2\/product"}],"about":[{"href":"http:\/\/didrain.com\/index.php?rest_route=\/wp\/v2\/types\/product"}],"wp:featuredmedia":[{"embeddable":true,"href":"http:\/\/didrain.com\/index.php?rest_route=\/wp\/v2\/media\/263"}],"wp:attachment":[{"href":"http:\/\/didrain.com\/index.php?rest_route=%2Fwp%2Fv2%2Fmedia&parent=261"}],"wp:term":[{"taxonomy":"product_cat","embeddable":true,"href":"http:\/\/didrain.com\/index.php?rest_route=%2Fwp%2Fv2%2Fproduct_cat&post=261"},{"taxonomy":"product_tag","embeddable":true,"href":"http:\/\/didrain.com\/index.php?rest_route=%2Fwp%2Fv2%2Fproduct_tag&post=261"}],"curies":[{"name":"wp","href":"https:\/\/api.w.org\/{rel}","templated":true}]}}