{"id":287,"date":"2019-02-12T02:47:54","date_gmt":"2019-02-11T17:47:54","guid":{"rendered":"http:\/\/jsird.coflworks.com\/?post_type=product&#038;p=287"},"modified":"2019-02-12T02:47:54","modified_gmt":"2019-02-11T17:47:54","slug":"%ec%98%a5%ec%83%81-%eb%b0%b0%ec%88%98%ea%b5%ac-%eb%a7%9d","status":"publish","type":"product","link":"http:\/\/didrain.com\/?product=%ec%98%a5%ec%83%81-%eb%b0%b0%ec%88%98%ea%b5%ac-%eb%a7%9d","title":{"rendered":"\uc625\uc0c1 \ubc30\uc218\uad6c \ub9dd"},"content":{"rendered":"<p>[et_pb_section bb_built=&#8221;1&#8243;][et_pb_row][et_pb_column type=&#8221;4_4&#8243;][et_pb_image _builder_version=&#8221;3.19.13&#8243; src=&#8221;http:\/\/jsird.coflworks.com\/wp-content\/uploads\/2019\/02\/roof_waterspout_prod.png&#8221; show_in_lightbox=&#8221;on&#8221; \/][\/et_pb_column][\/et_pb_row][et_pb_row][et_pb_column type=&#8221;1_2&#8243;][et_pb_image _builder_version=&#8221;3.19.13&#8243; src=&#8221;http:\/\/jsird.coflworks.com\/wp-content\/uploads\/2019\/02\/roof_waterspout_spec.png&#8221; show_in_lightbox=&#8221;on&#8221; \/][\/et_pb_column][et_pb_column type=&#8221;1_2&#8243;][et_pb_text _builder_version=&#8221;3.19.13&#8243;]<\/p>\n<p><strong>SPECIFICATION<\/strong><\/p>\n<p>P.V.C \ud30c\uc774\ud504\uc6a9 <br \/>\u25a0 \uaddc\uaca9 &#8211; 50\u00d8, 75\u00d8, 100\u00d8, 125\u00d8, 150\u00d8<\/p>\n<p>[table id=821 \/]<\/p>\n<p>[\/et_pb_text][\/et_pb_column][\/et_pb_row][\/et_pb_section]<\/p>\n","protected":false},"excerpt":{"rendered":"<p>[et_pb_section bb_built=&#8221;1&#8243;][et_pb_row][et_pb_column type=&#8221;4_4&#8243;][et_pb_image _builder_version=&#8221;3.19.13&#8243; src=&#8221;http:\/\/jsird.coflworks.com\/wp-content\/uploads\/2019\/02\/roof_waterspout_prod.png&#8221; show_in_lightbox=&#8221;on&#8221; \/][\/et_pb_column][\/et_pb_row][et_pb_row][et_pb_column type=&#8221;1_2&#8243;][et_pb_image _builder_version=&#8221;3.19.13&#8243; src=&#8221;http:\/\/jsird.coflworks.com\/wp-content\/uploads\/2019\/02\/roof_waterspout_spec.png&#8221; show_in_lightbox=&#8221;on&#8221; \/][\/et_pb_column][et_pb_column type=&#8221;1_2&#8243;][et_pb_text _builder_version=&#8221;3.19.13&#8243;] SPECIFICATION P.V.C \ud30c\uc774\ud504\uc6a9 \u25a0 \uaddc\uaca9 &#8211; 50\u00d8, 75\u00d8, 100\u00d8, 125\u00d8, 150\u00d8 [table id=821 \/] [\/et_pb_text][\/et_pb_column][\/et_pb_row][\/et_pb_section]<\/p>\n","protected":false},"featured_media":290,"template":"","meta":{"_et_pb_use_builder":"on","_et_pb_old_content":""},"product_cat":[34],"product_tag":[],"_links":{"self":[{"href":"http:\/\/didrain.com\/index.php?rest_route=\/wp\/v2\/product\/287"}],"collection":[{"href":"http:\/\/didrain.com\/index.php?rest_route=\/wp\/v2\/product"}],"about":[{"href":"http:\/\/didrain.com\/index.php?rest_route=\/wp\/v2\/types\/product"}],"wp:featuredmedia":[{"embeddable":true,"href":"http:\/\/didrain.com\/index.php?rest_route=\/wp\/v2\/media\/290"}],"wp:attachment":[{"href":"http:\/\/didrain.com\/index.php?rest_route=%2Fwp%2Fv2%2Fmedia&parent=287"}],"wp:term":[{"taxonomy":"product_cat","embeddable":true,"href":"http:\/\/didrain.com\/index.php?rest_route=%2Fwp%2Fv2%2Fproduct_cat&post=287"},{"taxonomy":"product_tag","embeddable":true,"href":"http:\/\/didrain.com\/index.php?rest_route=%2Fwp%2Fv2%2Fproduct_tag&post=287"}],"curies":[{"name":"wp","href":"https:\/\/api.w.org\/{rel}","templated":true}]}}