{"id":8315,"date":"2020-08-12T04:35:05","date_gmt":"2020-08-11T19:35:05","guid":{"rendered":"http:\/\/daindrain.coflworks.com\/?post_type=product&#038;p=8315"},"modified":"2020-08-12T04:35:05","modified_gmt":"2020-08-11T19:35:05","slug":"%ec%99%b8%eb%b6%80%ec%9a%a9-%ec%9b%90%ed%98%95-%ed%99%98%ea%b8%b0%ea%b5%ac-%ec%8a%a4%ed%85%90","status":"publish","type":"product","link":"http:\/\/didrain.com\/?product=%ec%99%b8%eb%b6%80%ec%9a%a9-%ec%9b%90%ed%98%95-%ed%99%98%ea%b8%b0%ea%b5%ac-%ec%8a%a4%ed%85%90","title":{"rendered":"\uc678\ubd80\uc6a9 \uc6d0\ud615 \ud658\uae30\uad6c (\uc2a4\ud150)"},"content":{"rendered":"<p>[et_pb_section bb_built=&#8221;1&#8243;][et_pb_row][et_pb_column type=&#8221;1_2&#8243;][et_pb_image _builder_version=&#8221;3.19.13&#8243; src=&#8221;http:\/\/stgco.cafe24.com\/wp-content\/uploads\/2020\/08\/\uc6d0\ud615-\ud658\uae30\uad6c-\uc2a4\ud150-\uc2a4\ud399.jpg&#8221; \/][\/et_pb_column][et_pb_column type=&#8221;1_2&#8243;][et_pb_text _builder_version=&#8221;3.19.13&#8243;]<\/p>\n<p>\uc678\uacbd : 50<span class=\"ILfuVd\"><span class=\"hgKElc\">\u00f8<\/span><\/span>, 75<span class=\"ILfuVd\"><span class=\"hgKElc\">\u00f8<\/span><\/span>, 125<span class=\"ILfuVd\"><span class=\"hgKElc\">\u00f8<\/span><\/span>, 150<span class=\"ILfuVd\"><span class=\"hgKElc\">\u00f8<\/span><\/span>, 200<span class=\"ILfuVd\"><span class=\"hgKElc\">\u00f8<\/span><\/span>, 250<span class=\"ILfuVd\"><span class=\"hgKElc\">\u00f8<\/span><\/span>, 300<span class=\"ILfuVd\"><span class=\"hgKElc\">\u00f8<br \/>\uc7ac\uc9c8 : SUS<br \/><\/span><\/span><\/p>\n<p>[\/et_pb_text][\/et_pb_column][\/et_pb_row][\/et_pb_section]<\/p>\n","protected":false},"excerpt":{"rendered":"<p>[et_pb_section bb_built=&#8221;1&#8243;][et_pb_row][et_pb_column type=&#8221;1_2&#8243;][et_pb_image _builder_version=&#8221;3.19.13&#8243; src=&#8221;http:\/\/stgco.cafe24.com\/wp-content\/uploads\/2020\/08\/\uc6d0\ud615-\ud658\uae30\uad6c-\uc2a4\ud150-\uc2a4\ud399.jpg&#8221; \/][\/et_pb_column][et_pb_column type=&#8221;1_2&#8243;][et_pb_text _builder_version=&#8221;3.19.13&#8243;] \uc678\uacbd : 50\u00f8, 75\u00f8, 125\u00f8, 150\u00f8, 200\u00f8, 250\u00f8, 300\u00f8\uc7ac\uc9c8 : SUS [\/et_pb_text][\/et_pb_column][\/et_pb_row][\/et_pb_section]<\/p>\n","protected":false},"featured_media":8319,"template":"","meta":{"_et_pb_use_builder":"on","_et_pb_old_content":""},"product_cat":[34],"product_tag":[],"_links":{"self":[{"href":"http:\/\/didrain.com\/index.php?rest_route=\/wp\/v2\/product\/8315"}],"collection":[{"href":"http:\/\/didrain.com\/index.php?rest_route=\/wp\/v2\/product"}],"about":[{"href":"http:\/\/didrain.com\/index.php?rest_route=\/wp\/v2\/types\/product"}],"wp:featuredmedia":[{"embeddable":true,"href":"http:\/\/didrain.com\/index.php?rest_route=\/wp\/v2\/media\/8319"}],"wp:attachment":[{"href":"http:\/\/didrain.com\/index.php?rest_route=%2Fwp%2Fv2%2Fmedia&parent=8315"}],"wp:term":[{"taxonomy":"product_cat","embeddable":true,"href":"http:\/\/didrain.com\/index.php?rest_route=%2Fwp%2Fv2%2Fproduct_cat&post=8315"},{"taxonomy":"product_tag","embeddable":true,"href":"http:\/\/didrain.com\/index.php?rest_route=%2Fwp%2Fv2%2Fproduct_tag&post=8315"}],"curies":[{"name":"wp","href":"https:\/\/api.w.org\/{rel}","templated":true}]}}